{"id":41,"date":"2012-07-04T09:35:12","date_gmt":"2012-07-04T09:35:12","guid":{"rendered":"http:\/\/se-electrofishers.com\/?page_id=41"},"modified":"2020-11-27T09:34:50","modified_gmt":"2020-11-27T08:34:50","slug":"support","status":"publish","type":"page","link":"https:\/\/se-electrofishers.com\/dk\/support\/","title":{"rendered":"Support"},"content":{"rendered":"<p><strong>D\u00f8gnkontakt<\/strong><\/p>\n<p>Stampes Elektro tilbyder r\u00e5dgivning og support. Support er tilg\u00e6ngeligt p\u00e5 b\u00e5de dansk og engelsk. Se <a title=\"Contact\" href=\"http:\/\/se-electrofishers.com\/dk\/contact\/\">Kontakt<\/a> for telefonnummeret til support.<\/p>\n<p><strong>\u00c5rligt eftersyn<\/strong><\/p>\n<p>Lovgivningen i det enkelte land \u00a0kr\u00e6ver muligvis et \u00e5rligt eftersyn af Deres elektrofisker, hvilket Stampes Elektro kan st\u00e5 for.\u00a0I Danmark kr\u00e6ver fiskeri direktoratet at elfiskeudstyr efterses en gang om \u00e5ret.\u00a0Ring eller send en mail for at arrangere dette.<\/p>\n<p><strong>Brugermanual<\/strong><\/p>\n<p>Hvis De ejer en Stampe Elektro elektrofisker og har mistet Deres brugermanual, kan De bestille en ny kopi ved at sende en e-mail.\u00a0Opgiv venligst Deres navn, firma- eller organisationsnavn, telefonnummer samt elektrofiskerens model og serienummer (kan ses p\u00e5 kontrolboksen).<\/p>\n<p><strong>Ofte stillede sp\u00f8rgsm\u00e5l<\/strong><\/p>\n<p><span style=\"text-decoration: underline;\">Hvorfor bruge en elektrofisker?<\/span><\/p>\n<p>Elektrofiskere muligg\u00f8r effektiv og sk\u00e5nsom indsamling af levende fisk. Dette kan v\u00e6re en n\u00f8dvendighed for at kunne: analysere bestanden, m\u00e6rke fisk med radiosendere, massere rogn ud af dr\u00e6gtige fisk, flytte fisk ved vandl\u00f8bsrestaurering samt behandle fisk efter forurening som eksempelvis spild eller udslip fra dambrug og industri.<\/p>\n<p>EU-regler kr\u00e6ver at fiskebestanden overv\u00e5ges sk\u00e5nsomt fra \u00e5r 2015. B\u00e5de SE300 og SE500 elektrofiskere har CE-certifikat og kan bruges til dette form\u00e5l.<\/p>\n<p><span style=\"text-decoration: underline;\">Hvordan virker en elektrofisker?<\/span><\/p>\n<p>Fiskene tiltr\u00e6kkes af den elektriske sp\u00e6nding fra anoden, og n\u00e5r de kommer for t\u00e6t p\u00e5, bliver de midlertidigt lammet og kan derfor indsamles. Hvis der benyttes j\u00e6vnstr\u00f8m med en lav ripplesp\u00e6nding skades fiskene ikke. Efter fiskene er kommet sig over den midlertidige lammelse er de up\u00e5virkede af h\u00e6ndelsen.<\/p>\n<p><span style=\"text-decoration: underline;\">Hvorfor\u00a0skal elektrofiskere v\u00e6re CE-certificerede?<\/span><\/p>\n<p>Et CE-certifikat er obligatorisk for mange produkter, der s\u00e6lges i det Europ\u00e6isk \u00d8konomiske Samarbejdsomr\u00e5de(E\u00d8S). Bogstaverne \u201cCE\u201d star for \u201cConformit\u00e9 Europ\u00e9ene\u201d(europ\u00e6isk konformitet). Et CE-certifikat er forbrugerens garanti for, at produktet lever op til de f\u00e6lleseurop\u00e6iske mindstekrav indenfor sundhed, sikkerhed og milj\u00f8belastning.<\/p>\n<p>EU-lovgivning kr\u00e6ver, at elektrofiskere er CE-certificerede. B\u00e5de SE300 og SE500 kontrolboksene er CE-certificerede i overensstemmelse med IEC 60335-2-86.<\/p>\n<p>Fra \u00e5r 2015 kr\u00e6ves det, at der foretages unders\u00f8gelse af fiskebestanden i europ\u00e6iske vandl\u00f8b. Elektrofiskere muligg\u00f8r, at biologer kan opfylde disse krav p\u00e5 en effektiv og human m\u00e5de.<\/p>\n<p><span style=\"text-decoration: underline;\">Er elektrofiskeri sikkert?<\/span><\/p>\n<p>Elektrofiskeri er sikkert, hvis det udf\u00f8res korrekt. Stampes Elektros elektrofiskere er udstyret med d\u00f8dmandsknapper og er CE-certificerede. Brugsmanualen indeholder sikkerhedsinstruktioner, der skal f\u00f8lges.<\/p>\n<p>Elektrofiskeri kan v\u00e6re livsfarligt, hvis der benyttes ulovligt udstyr, eller hvis sikkerhedsinstruktionerne ikke f\u00f8lges.<\/p>\n<p><span style=\"text-decoration: underline;\">Skader elektrofiskeri fiskene?<\/span><\/p>\n<p>Stampes Elektro elektrofiskere leverer ren j\u00e6vnstr\u00f8m med en meget lav ripplesp\u00e6nding, hvilket betyder, at fiskene kun lammes og de derfor ikke p\u00e5f\u00f8res permanent skade.<\/p>\n<p>Hjemmelavede elektrofiskere er livsfarlige for b\u00e5de operat\u00f8rer og fisk.<\/p>\n<p><span style=\"text-decoration: underline;\">M\u00e5 privatpersoner eller private virksomheder eje elektrofiskere?<\/span><\/p>\n<p>I f\u00f8lge dansk lovgivning er der ingen begr\u00e6nsninger i forbindelse med salg af elektrofiskere.\u00a0Man m\u00e5 kun bruge en elektrofisker hvis man har gennemg\u00e5et kusrsus i elfiskeri. desuden skal der\u00a0gives tilladelse til elfiskeri\u00a0 af fiskeri direktoratet\u00a0i hvert enkelt tilf\u00e6lde.<\/p>\n<p><span style=\"text-decoration: underline;\">M\u00e5 jeg bruge offentlig elforsyning til elektrofiskeri?<\/span><\/p>\n<p>Det er ikke tilladt at bruge offentlig elforsyning til elektrofiskeri. Der skal i stedet benyttes et passende generatoranl\u00e6g. Stampes Elektro har et stor udvalg af generatoranl\u00e6g.<\/p>\n","protected":false},"excerpt":{"rendered":"<p>D\u00f8gnkontakt Stampes Elektro tilbyder r\u00e5dgivning og support. Support er tilg\u00e6ngeligt p\u00e5 b\u00e5de dansk og engelsk. Se Kontakt for telefonnummeret til support. \u00c5rligt eftersyn Lovgivningen i det enkelte land \u00a0kr\u00e6ver muligvis et \u00e5rligt eftersyn af Deres elektrofisker, hvilket Stampes Elektro kan st\u00e5 for.\u00a0I Danmark kr\u00e6ver fiskeri direktoratet at elfiskeudstyr efterses en gang om \u00e5ret.\u00a0Ring eller send [&hellip;]<\/p>\n","protected":false},"author":2,"featured_media":0,"parent":0,"menu_order":0,"comment_status":"open","ping_status":"open","template":"","meta":[],"yoast_head":"<!-- This site is optimized with the Yoast SEO plugin v15.3 - https:\/\/yoast.com\/wordpress\/plugins\/seo\/ -->\n<title>Support - Elektrofiske udstyr<\/title>\n<meta name=\"robots\" content=\"index, follow, max-snippet:-1, max-image-preview:large, max-video-preview:-1\" \/>\n<link rel=\"canonical\" href=\"http:\/\/se-electrofishers.com\/dk\/support\/\" \/>\n<meta property=\"og:locale\" content=\"da_DK\" \/>\n<meta property=\"og:type\" content=\"article\" \/>\n<meta property=\"og:title\" content=\"Support - Elektrofiske udstyr\" \/>\n<meta property=\"og:description\" content=\"D\u00f8gnkontakt Stampes Elektro tilbyder r\u00e5dgivning og support. Support er tilg\u00e6ngeligt p\u00e5 b\u00e5de dansk og engelsk. Se Kontakt for telefonnummeret til support. \u00c5rligt eftersyn Lovgivningen i det enkelte land \u00a0kr\u00e6ver muligvis et \u00e5rligt eftersyn af Deres elektrofisker, hvilket Stampes Elektro kan st\u00e5 for.\u00a0I Danmark kr\u00e6ver fiskeri direktoratet at elfiskeudstyr efterses en gang om \u00e5ret.\u00a0Ring eller send [&hellip;]\" \/>\n<meta property=\"og:url\" content=\"http:\/\/se-electrofishers.com\/dk\/support\/\" \/>\n<meta property=\"og:site_name\" content=\"Elektrofiske udstyr\" \/>\n<meta property=\"article:modified_time\" content=\"2020-11-27T08:34:50+00:00\" \/>\n<meta name=\"twitter:card\" content=\"summary_large_image\" \/>\n<meta name=\"twitter:label1\" content=\"Written by\">\n\t<meta name=\"twitter:data1\" content=\"jeanine\">\n\t<meta name=\"twitter:label2\" content=\"Est. reading time\">\n\t<meta name=\"twitter:data2\" content=\"2 minutter\">\n<script type=\"application\/ld+json\" class=\"yoast-schema-graph\">{\"@context\":\"https:\/\/schema.org\",\"@graph\":[{\"@type\":\"WebSite\",\"@id\":\"https:\/\/se-electrofishers.com\/dk\/#website\",\"url\":\"https:\/\/se-electrofishers.com\/dk\/\",\"name\":\"Elektrofiske udstyr\",\"description\":\"til mindre og st\\u00f8rre vandl\\u00f8b\",\"potentialAction\":[{\"@type\":\"SearchAction\",\"target\":\"https:\/\/se-electrofishers.com\/dk\/?s={search_term_string}\",\"query-input\":\"required name=search_term_string\"}],\"inLanguage\":\"da-DK\"},{\"@type\":\"WebPage\",\"@id\":\"http:\/\/se-electrofishers.com\/dk\/support\/#webpage\",\"url\":\"http:\/\/se-electrofishers.com\/dk\/support\/\",\"name\":\"Support - Elektrofiske udstyr\",\"isPartOf\":{\"@id\":\"https:\/\/se-electrofishers.com\/dk\/#website\"},\"datePublished\":\"2012-07-04T09:35:12+00:00\",\"dateModified\":\"2020-11-27T08:34:50+00:00\",\"inLanguage\":\"da-DK\",\"potentialAction\":[{\"@type\":\"ReadAction\",\"target\":[\"http:\/\/se-electrofishers.com\/dk\/support\/\"]}]}]}<\/script>\n<!-- \/ Yoast SEO plugin. -->","_links":{"self":[{"href":"https:\/\/se-electrofishers.com\/dk\/wp-json\/wp\/v2\/pages\/41"}],"collection":[{"href":"https:\/\/se-electrofishers.com\/dk\/wp-json\/wp\/v2\/pages"}],"about":[{"href":"https:\/\/se-electrofishers.com\/dk\/wp-json\/wp\/v2\/types\/page"}],"author":[{"embeddable":true,"href":"https:\/\/se-electrofishers.com\/dk\/wp-json\/wp\/v2\/users\/2"}],"replies":[{"embeddable":true,"href":"https:\/\/se-electrofishers.com\/dk\/wp-json\/wp\/v2\/comments?post=41"}],"version-history":[{"count":7,"href":"https:\/\/se-electrofishers.com\/dk\/wp-json\/wp\/v2\/pages\/41\/revisions"}],"predecessor-version":[{"id":301,"href":"https:\/\/se-electrofishers.com\/dk\/wp-json\/wp\/v2\/pages\/41\/revisions\/301"}],"wp:attachment":[{"href":"https:\/\/se-electrofishers.com\/dk\/wp-json\/wp\/v2\/media?parent=41"}],"curies":[{"name":"wp","href":"https:\/\/api.w.org\/{rel}","templated":true}]}}