{"id":39,"date":"2012-07-04T09:34:48","date_gmt":"2012-07-04T09:34:48","guid":{"rendered":"http:\/\/se-electrofishers.com\/?page_id=39"},"modified":"2023-08-09T06:11:22","modified_gmt":"2023-08-09T05:11:22","slug":"prisliste","status":"publish","type":"page","link":"https:\/\/se-electrofishers.com\/dk\/prisliste\/","title":{"rendered":"Priser El-Fisker udstyr"},"content":{"rendered":"<p>Priser g\u00e6ldende fra 1.5. 2023<\/p>\n<p>Ring p\u00e5 9732 0744 eller e-mail til Stampes Elektro p\u00e5 <a href=\"mailto:info@stampeselektro.dk\">info@stampeselektro.dk<\/a> for at afgive en bestilling.<\/p>\n<table border=\"0\" width=\"450\" cellspacing=\"0\" cellpadding=\"0\">\n<tbody>\n<tr>\n<td><strong>Standard SE 300<\/strong><\/td>\n<td><\/td>\n<\/tr>\n<tr>\n<td width=\"80%\">Anode-stang 1,3m m. 52 m kabel, \u00f8 30 cm ring, katode b\u00e6lte 360 mm<br \/>\n<img loading=\"lazy\" class=\"alignnone size-medium wp-image-157\" title=\"SE 300\" src=\"http:\/\/se-electrofishers.com\/wp-content\/uploads\/2012\/05\/se-300.jpg\" alt=\"\" width=\"300\" height=\"191\" \/><\/td>\n<td align=\"right\" valign=\"top\" width=\"20%\">35.316 DKK<\/td>\n<\/tr>\n<tr>\n<td><strong>Anbefalet generatoranl\u00e6g<\/strong><\/td>\n<td><\/td>\n<\/tr>\n<tr>\n<td>Honda EU 22i st\u00f8jsvag generatoranl\u00e6g med vekselretter<br \/>\n2,2 KVA, 8,7 A, 230 V, 21 kg, 1 liter\/time, 60 dB, 510 x 290 x 425 mm<br \/>\n<img class=\"alignnone size-medium wp-image-157\" title=\"Honda EU 20i\" src=\"http:\/\/se-electrofishers.com\/wp-content\/uploads\/2012\/07\/Honda-2-kW.png\" alt=\"\" \/><\/td>\n<td style=\"text-align: right;\" valign=\"top\">11.996 DKK<\/td>\n<\/tr>\n<tr>\n<td><strong>Alternative generatoranl\u00e6g<\/strong><\/td>\n<td><\/td>\n<\/tr>\n<tr>\n<td>Honda EP3300, generatoranl\u00e6g i b\u00e6re- og beskyttelsesramme<br \/>\n3,2 KVA, 13 A, 230V, 21 kg, 1,3 liter\/time, 70 dB, 580 x 420 x 440 mm<br \/>\n<img class=\"alignnone size-medium wp-image-157\" title=\"Honda EP3300\" src=\"http:\/\/se-electrofishers.com\/wp-content\/uploads\/2012\/07\/Honda-3.2-kW.png\" alt=\"\" \/><\/td>\n<td style=\"text-align: right;\" valign=\"top\">6.476 DKK<\/td>\n<\/tr>\n<tr>\n<td colspan=\"2\"><span style=\"color: #ffffff;\">.<\/span><\/td>\n<\/tr>\n<tr>\n<td><strong>Standard SE 500<\/strong><\/td>\n<td><\/td>\n<\/tr>\n<tr>\n<td>Anode-stang 2,3m m. 8 m kabel, \u00f8 60 cm ring, katode b\u00e6lte 750 mm<br \/>\n<img class=\"alignnone size-medium wp-image-157\" title=\"SE 500\" src=\"http:\/\/se-electrofishers.com\/wp-content\/uploads\/2012\/05\/se-500.jpg\" alt=\"\" \/><\/td>\n<td style=\"text-align: right;\" valign=\"top\">36.675 DKK<\/td>\n<\/tr>\n<tr>\n<td><strong>Anbefalet generatoranl\u00e6g<br \/>\n<\/strong><\/td>\n<td><\/td>\n<\/tr>\n<tr>\n<td>Honda EP6500T,\u00a0generatoranl\u00e6g i b\u00e6re- og beskyttelsesramme<br \/>\n6,5 KVA, 3 x 8 A, 3 x 400\/230V, 77 kg, 2,4 liter\/time, 72 dB, 830 x 510 x 560 mm<br \/>\n<img class=\"alignnone size-medium wp-image-157\" title=\"Honda EP6500T\" src=\"http:\/\/se-electrofishers.com\/wp-content\/uploads\/2012\/07\/Honda-6.5-kW.png\" alt=\"\" \/><\/td>\n<td style=\"text-align: right;\" valign=\"top\">13.836 DKK<\/td>\n<\/tr>\n<tr>\n<td colspan=\"2\"><strong>Individuelle komponenter<\/strong><\/td>\n<\/tr>\n<tr>\n<td>SE 300 kontrolboks, 230V, enkeltfaset<br \/>\n<a href=\"http:\/\/se-electrofishers.com\/dk\/files\/2021\/04\/210305_SPP_0392.png\"><img loading=\"lazy\" class=\"alignnone wp-image-309 size-medium\" title=\"SE 300 control box\" src=\"http:\/\/se-electrofishers.com\/dk\/files\/2021\/04\/210305_SPP_0392-300x207.png\" alt=\"\" width=\"300\" height=\"207\" srcset=\"https:\/\/se-electrofishers.com\/dk\/files\/2021\/04\/210305_SPP_0392-300x207.png 300w, https:\/\/se-electrofishers.com\/dk\/files\/2021\/04\/210305_SPP_0392-768x530.png 768w, https:\/\/se-electrofishers.com\/dk\/files\/2021\/04\/210305_SPP_0392.png 900w\" sizes=\"(max-width: 300px) 100vw, 300px\" \/><\/a><br \/>\n<em>Alle boksene f\u00e5s med indbygget volt- og amperemeter som letter indstilling af udstyret. Ekstra pris 8.000 DKK.<\/em><\/td>\n<td style=\"text-align: right;\" valign=\"top\">22.147 DKK<\/td>\n<\/tr>\n<tr>\n<td colspan=\"2\"><span style=\"color: #ffffff;\">.<\/span><\/td>\n<\/tr>\n<tr>\n<td>SE 500 kontrolboks, 400V, trefaset<br \/>\n<a href=\"http:\/\/se-electrofishers.com\/dk\/files\/2021\/04\/210305_SPP_0391.png\"><img loading=\"lazy\" class=\"alignnone wp-image-308 size-medium\" title=\"SE 500 control box\" src=\"http:\/\/se-electrofishers.com\/dk\/files\/2021\/04\/210305_SPP_0391-300x216.png\" alt=\"\" width=\"300\" height=\"216\" srcset=\"https:\/\/se-electrofishers.com\/dk\/files\/2021\/04\/210305_SPP_0391-300x216.png 300w, https:\/\/se-electrofishers.com\/dk\/files\/2021\/04\/210305_SPP_0391-768x553.png 768w, https:\/\/se-electrofishers.com\/dk\/files\/2021\/04\/210305_SPP_0391.png 900w\" sizes=\"(max-width: 300px) 100vw, 300px\" \/><\/a><br \/>\n<em>Alle boksene f\u00e5s med indbygget volt- og amperemeter som letter indstilling af udstyret. Ekstra pris 8.000 DKK.<\/em><\/td>\n<td style=\"text-align: right;\" valign=\"top\">23.329 DKK<\/td>\n<\/tr>\n<tr>\n<td colspan=\"2\"><span style=\"color: #ffffff;\">.<\/span><\/td>\n<\/tr>\n<tr>\n<td>Anode-stang, ringdiameter 30 cm, 1,3 m lang, 52m kabel<br \/>\n<a href=\"http:\/\/se-electrofishers.com\/dk\/files\/2021\/04\/210305_SPP_0398.png\"><img loading=\"lazy\" class=\"alignnone wp-image-312 size-medium\" title=\"Small anode\" src=\"http:\/\/se-electrofishers.com\/dk\/files\/2021\/04\/210305_SPP_0398-300x79.png\" alt=\"\" width=\"300\" height=\"79\" srcset=\"https:\/\/se-electrofishers.com\/dk\/files\/2021\/04\/210305_SPP_0398-300x79.png 300w, https:\/\/se-electrofishers.com\/dk\/files\/2021\/04\/210305_SPP_0398-768x201.png 768w, https:\/\/se-electrofishers.com\/dk\/files\/2021\/04\/210305_SPP_0398.png 900w\" sizes=\"(max-width: 300px) 100vw, 300px\" \/><\/a><\/td>\n<td style=\"text-align: right;\" valign=\"top\">9.691 DKK<\/td>\n<\/tr>\n<tr>\n<td>Anode-stang, ringdiameter 60 cm, 2,3 m lang, 8m kabel<br \/>\n<a href=\"http:\/\/se-electrofishers.com\/dk\/files\/2021\/04\/210305_SPP_0399.png\"><img loading=\"lazy\" class=\"alignnone wp-image-313 size-medium\" title=\"Large anode\" src=\"http:\/\/se-electrofishers.com\/dk\/files\/2021\/04\/210305_SPP_0399-300x107.png\" alt=\"\" width=\"300\" height=\"107\" srcset=\"https:\/\/se-electrofishers.com\/dk\/files\/2021\/04\/210305_SPP_0399-300x107.png 300w, https:\/\/se-electrofishers.com\/dk\/files\/2021\/04\/210305_SPP_0399-768x274.png 768w, https:\/\/se-electrofishers.com\/dk\/files\/2021\/04\/210305_SPP_0399.png 900w\" sizes=\"(max-width: 300px) 100vw, 300px\" \/><\/a><\/td>\n<td style=\"text-align: right;\" valign=\"top\">10.950 DKK<\/td>\n<\/tr>\n<tr>\n<td>Ekstra ring til anode: 40, 50 eller 80 cm, per styk<\/p>\n<p><a style=\"font-size: inherit; font-family: inherit; font-weight: inherit;\" href=\"http:\/\/se-electrofishers.com\/dk\/files\/2021\/04\/210305_SPP_0402.png\"><img loading=\"lazy\" class=\"alignnone size-medium wp-image-314\" src=\"http:\/\/se-electrofishers.com\/dk\/files\/2021\/04\/210305_SPP_0402-300x200.png\" alt=\"\" width=\"300\" height=\"200\" srcset=\"https:\/\/se-electrofishers.com\/dk\/files\/2021\/04\/210305_SPP_0402-300x200.png 300w, https:\/\/se-electrofishers.com\/dk\/files\/2021\/04\/210305_SPP_0402-768x512.png 768w, https:\/\/se-electrofishers.com\/dk\/files\/2021\/04\/210305_SPP_0402.png 900w\" sizes=\"(max-width: 300px) 100vw, 300px\" \/><\/a><\/td>\n<td style=\"text-align: right;\" valign=\"top\">\u00a01.025 DKK<\/td>\n<\/tr>\n<tr>\n<td colspan=\"2\"><span style=\"color: #ffffff;\">.<\/span><\/td>\n<\/tr>\n<tr>\n<td><strong>Andre dele og kombinationer<\/strong><\/td>\n<td style=\"text-align: right;\"><\/td>\n<\/tr>\n<tr>\n<td><\/td>\n<td style=\"text-align: right;\" valign=\"top\"><\/td>\n<\/tr>\n<tr>\n<td colspan=\"2\"><\/td>\n<\/tr>\n<tr>\n<td>Ring for pris og vejledning<\/td>\n<td style=\"text-align: right;\" valign=\"top\"><\/td>\n<\/tr>\n<tr>\n<td colspan=\"2\"><\/td>\n<\/tr>\n<tr>\n<td><\/td>\n<td style=\"text-align: right;\" valign=\"top\"><\/td>\n<\/tr>\n<\/tbody>\n<\/table>\n<p><strong>Handelsbetingelser<\/strong><\/p>\n<p>Priserne er eksklusiv forsendelse og moms. En evt. forsendelse betales af k\u00f8beren. Elektrofiskeren afsendes fra Stampes Elektros adresse i Ringk\u00f8bing. Der betales ikke ekstra for pakning.<\/p>\n<p>Som udgangspunkt har Stampes Elektro elektrofiskerne tilg\u00e6ngelige til \u00f8jeblikkeligt salg, men hvis De \u00f8nsker at bestille mere end fem elektrofiskere kan leveringstiden vare op til seks uger.<\/p>\n<p>Ring for n\u00e6rmere information.<\/p>\n","protected":false},"excerpt":{"rendered":"<p>Priser g\u00e6ldende fra 1.5. 2023 Ring p\u00e5 9732 0744 eller e-mail til Stampes Elektro p\u00e5 info@stampeselektro.dk for at afgive en bestilling. Standard SE 300 Anode-stang 1,3m m. 52 m kabel, \u00f8 30 cm ring, katode b\u00e6lte 360 mm 35.316 DKK Anbefalet generatoranl\u00e6g Honda EU 22i st\u00f8jsvag generatoranl\u00e6g med vekselretter 2,2 KVA, 8,7 A, 230 V, [&hellip;]<\/p>\n","protected":false},"author":2,"featured_media":0,"parent":0,"menu_order":0,"comment_status":"open","ping_status":"open","template":"","meta":[],"yoast_head":"<!-- This site is optimized with the Yoast SEO plugin v15.3 - https:\/\/yoast.com\/wordpress\/plugins\/seo\/ -->\n<title>Priser El-Fisker udstyr - Elektrofiske udstyr<\/title>\n<meta name=\"description\" content=\"Her finder du opdateret prisliste for komplette el-fisker l\u00f8sninger samt enkelt dele. Herudover priser p\u00e5 benzin generatorer til el-fiskeri\" \/>\n<meta name=\"robots\" content=\"index, follow, max-snippet:-1, max-image-preview:large, max-video-preview:-1\" \/>\n<link rel=\"canonical\" href=\"http:\/\/se-electrofishers.com\/dk\/prisliste\/\" \/>\n<meta property=\"og:locale\" content=\"da_DK\" \/>\n<meta property=\"og:type\" content=\"article\" \/>\n<meta property=\"og:title\" content=\"Priser El-Fisker udstyr - Elektrofiske udstyr\" \/>\n<meta property=\"og:description\" content=\"Her finder du opdateret prisliste for komplette el-fisker l\u00f8sninger samt enkelt dele. Herudover priser p\u00e5 benzin generatorer til el-fiskeri\" \/>\n<meta property=\"og:url\" content=\"http:\/\/se-electrofishers.com\/dk\/prisliste\/\" \/>\n<meta property=\"og:site_name\" content=\"Elektrofiske udstyr\" \/>\n<meta property=\"article:modified_time\" content=\"2023-08-09T05:11:22+00:00\" \/>\n<meta property=\"og:image\" content=\"http:\/\/se-electrofishers.com\/wp-content\/uploads\/2012\/05\/se-300.jpg\" \/>\n<meta name=\"twitter:card\" content=\"summary_large_image\" \/>\n<meta name=\"twitter:label1\" content=\"Written by\">\n\t<meta name=\"twitter:data1\" content=\"jeanine\">\n\t<meta name=\"twitter:label2\" content=\"Est. reading time\">\n\t<meta name=\"twitter:data2\" content=\"1 minut\">\n<script type=\"application\/ld+json\" class=\"yoast-schema-graph\">{\"@context\":\"https:\/\/schema.org\",\"@graph\":[{\"@type\":\"WebSite\",\"@id\":\"https:\/\/se-electrofishers.com\/dk\/#website\",\"url\":\"https:\/\/se-electrofishers.com\/dk\/\",\"name\":\"Elektrofiske udstyr\",\"description\":\"til mindre og st\\u00f8rre vandl\\u00f8b\",\"potentialAction\":[{\"@type\":\"SearchAction\",\"target\":\"https:\/\/se-electrofishers.com\/dk\/?s={search_term_string}\",\"query-input\":\"required name=search_term_string\"}],\"inLanguage\":\"da-DK\"},{\"@type\":\"ImageObject\",\"@id\":\"http:\/\/se-electrofishers.com\/dk\/prisliste\/#primaryimage\",\"inLanguage\":\"da-DK\",\"url\":\"http:\/\/se-electrofishers.com\/wp-content\/uploads\/2012\/05\/se-300.jpg\"},{\"@type\":\"WebPage\",\"@id\":\"http:\/\/se-electrofishers.com\/dk\/prisliste\/#webpage\",\"url\":\"http:\/\/se-electrofishers.com\/dk\/prisliste\/\",\"name\":\"Priser El-Fisker udstyr - Elektrofiske udstyr\",\"isPartOf\":{\"@id\":\"https:\/\/se-electrofishers.com\/dk\/#website\"},\"primaryImageOfPage\":{\"@id\":\"http:\/\/se-electrofishers.com\/dk\/prisliste\/#primaryimage\"},\"datePublished\":\"2012-07-04T09:34:48+00:00\",\"dateModified\":\"2023-08-09T05:11:22+00:00\",\"description\":\"Her finder du opdateret prisliste for komplette el-fisker l\\u00f8sninger samt enkelt dele. Herudover priser p\\u00e5 benzin generatorer til el-fiskeri\",\"inLanguage\":\"da-DK\",\"potentialAction\":[{\"@type\":\"ReadAction\",\"target\":[\"http:\/\/se-electrofishers.com\/dk\/prisliste\/\"]}]}]}<\/script>\n<!-- \/ Yoast SEO plugin. -->","_links":{"self":[{"href":"https:\/\/se-electrofishers.com\/dk\/wp-json\/wp\/v2\/pages\/39"}],"collection":[{"href":"https:\/\/se-electrofishers.com\/dk\/wp-json\/wp\/v2\/pages"}],"about":[{"href":"https:\/\/se-electrofishers.com\/dk\/wp-json\/wp\/v2\/types\/page"}],"author":[{"embeddable":true,"href":"https:\/\/se-electrofishers.com\/dk\/wp-json\/wp\/v2\/users\/2"}],"replies":[{"embeddable":true,"href":"https:\/\/se-electrofishers.com\/dk\/wp-json\/wp\/v2\/comments?post=39"}],"version-history":[{"count":35,"href":"https:\/\/se-electrofishers.com\/dk\/wp-json\/wp\/v2\/pages\/39\/revisions"}],"predecessor-version":[{"id":328,"href":"https:\/\/se-electrofishers.com\/dk\/wp-json\/wp\/v2\/pages\/39\/revisions\/328"}],"wp:attachment":[{"href":"https:\/\/se-electrofishers.com\/dk\/wp-json\/wp\/v2\/media?parent=39"}],"curies":[{"name":"wp","href":"https:\/\/api.w.org\/{rel}","templated":true}]}}